{"id":68,"date":"2025-06-12T23:48:20","date_gmt":"2025-06-12T21:48:20","guid":{"rendered":"https:\/\/www.asperrigaud-reflexologie-therapie.com\/?page_id=68"},"modified":"2025-07-01T23:49:28","modified_gmt":"2025-07-01T21:49:28","slug":"consulter","status":"publish","type":"page","link":"https:\/\/www.asperrigaud-reflexologie-therapie.com\/?page_id=68","title":{"rendered":"Le Cabinet"},"content":{"rendered":"\n<div class=\"wp-block-columns are-vertically-aligned-center is-layout-flex wp-container-core-columns-is-layout-28232c24 wp-block-columns-is-layout-flex\">\n<div class=\"wp-block-column is-layout-flow wp-block-column-is-layout-flow\" style=\"flex-basis:33%\">\n<figure class=\"wp-block-image size-full is-resized has-custom-border\"><img loading=\"lazy\" decoding=\"async\" width=\"2140\" height=\"2140\" src=\"https:\/\/www.asperrigaud-reflexologie-therapie.com\/wp-content\/uploads\/2025\/07\/IMG_3719WEB-CARRE-.jpg\" alt=\"\" class=\"wp-image-155\" style=\"border-style:none;border-width:0px;width:285px;height:auto\" srcset=\"https:\/\/www.asperrigaud-reflexologie-therapie.com\/wp-content\/uploads\/2025\/07\/IMG_3719WEB-CARRE-.jpg 2140w, https:\/\/www.asperrigaud-reflexologie-therapie.com\/wp-content\/uploads\/2025\/07\/IMG_3719WEB-CARRE--300x300.jpg 300w, https:\/\/www.asperrigaud-reflexologie-therapie.com\/wp-content\/uploads\/2025\/07\/IMG_3719WEB-CARRE--1024x1024.jpg 1024w, https:\/\/www.asperrigaud-reflexologie-therapie.com\/wp-content\/uploads\/2025\/07\/IMG_3719WEB-CARRE--150x150.jpg 150w, https:\/\/www.asperrigaud-reflexologie-therapie.com\/wp-content\/uploads\/2025\/07\/IMG_3719WEB-CARRE--768x768.jpg 768w, https:\/\/www.asperrigaud-reflexologie-therapie.com\/wp-content\/uploads\/2025\/07\/IMG_3719WEB-CARRE--1536x1536.jpg 1536w, https:\/\/www.asperrigaud-reflexologie-therapie.com\/wp-content\/uploads\/2025\/07\/IMG_3719WEB-CARRE--2048x2048.jpg 2048w, https:\/\/www.asperrigaud-reflexologie-therapie.com\/wp-content\/uploads\/2025\/07\/IMG_3719WEB-CARRE--1170x1170.jpg 1170w\" sizes=\"auto, (max-width: 2140px) 100vw, 2140px\" \/><\/figure>\n<\/div>\n\n\n\n<div class=\"wp-block-column is-layout-flow wp-block-column-is-layout-flow\" style=\"flex-basis:33%\">\n<figure class=\"wp-block-image size-full is-resized has-custom-border\"><img loading=\"lazy\" decoding=\"async\" width=\"2268\" height=\"2268\" src=\"https:\/\/www.asperrigaud-reflexologie-therapie.com\/wp-content\/uploads\/2025\/07\/IMG_3726WEB-CARRE-.jpg\" alt=\"\" class=\"wp-image-157\" style=\"border-style:none;border-width:0px;width:285px;height:auto\" srcset=\"https:\/\/www.asperrigaud-reflexologie-therapie.com\/wp-content\/uploads\/2025\/07\/IMG_3726WEB-CARRE-.jpg 2268w, https:\/\/www.asperrigaud-reflexologie-therapie.com\/wp-content\/uploads\/2025\/07\/IMG_3726WEB-CARRE--300x300.jpg 300w, https:\/\/www.asperrigaud-reflexologie-therapie.com\/wp-content\/uploads\/2025\/07\/IMG_3726WEB-CARRE--1024x1024.jpg 1024w, https:\/\/www.asperrigaud-reflexologie-therapie.com\/wp-content\/uploads\/2025\/07\/IMG_3726WEB-CARRE--150x150.jpg 150w, https:\/\/www.asperrigaud-reflexologie-therapie.com\/wp-content\/uploads\/2025\/07\/IMG_3726WEB-CARRE--768x768.jpg 768w, https:\/\/www.asperrigaud-reflexologie-therapie.com\/wp-content\/uploads\/2025\/07\/IMG_3726WEB-CARRE--1536x1536.jpg 1536w, https:\/\/www.asperrigaud-reflexologie-therapie.com\/wp-content\/uploads\/2025\/07\/IMG_3726WEB-CARRE--2048x2048.jpg 2048w, https:\/\/www.asperrigaud-reflexologie-therapie.com\/wp-content\/uploads\/2025\/07\/IMG_3726WEB-CARRE--1170x1170.jpg 1170w\" sizes=\"auto, (max-width: 2268px) 100vw, 2268px\" \/><\/figure>\n<\/div>\n\n\n\n<div class=\"wp-block-column is-layout-flow wp-block-column-is-layout-flow\" style=\"flex-basis:20%\">\n<p class=\"has-text-align-center\">HORAIRES : <br><br>Lundi : 9h30-19h00<br>Mardi : 9h30-19h00<br>Mercredi : 9h30-19h00<br>Jeudi : Ferm\u00e9<br>Vendredi : Ferm\u00e9<\/p>\n<\/div>\n<\/div>\n\n\n\n<div style=\"height:25px\" aria-hidden=\"true\" class=\"wp-block-spacer\"><\/div>\n\n\n\n<figure class=\"wp-block-image size-large is-resized\"><img loading=\"lazy\" decoding=\"async\" width=\"1024\" height=\"102\" src=\"https:\/\/www.asperrigaud-reflexologie-therapie.com\/wp-content\/uploads\/2025\/06\/IMG_9907-MoyenneDD-2-1024x102.jpg\" alt=\"\" class=\"wp-image-86\" style=\"aspect-ratio:19.22;object-fit:cover;width:1021px;height:auto\" srcset=\"https:\/\/www.asperrigaud-reflexologie-therapie.com\/wp-content\/uploads\/2025\/06\/IMG_9907-MoyenneDD-2-1024x102.jpg 1024w, https:\/\/www.asperrigaud-reflexologie-therapie.com\/wp-content\/uploads\/2025\/06\/IMG_9907-MoyenneDD-2-300x30.jpg 300w, https:\/\/www.asperrigaud-reflexologie-therapie.com\/wp-content\/uploads\/2025\/06\/IMG_9907-MoyenneDD-2-768x77.jpg 768w, https:\/\/www.asperrigaud-reflexologie-therapie.com\/wp-content\/uploads\/2025\/06\/IMG_9907-MoyenneDD-2-1170x117.jpg 1170w, https:\/\/www.asperrigaud-reflexologie-therapie.com\/wp-content\/uploads\/2025\/06\/IMG_9907-MoyenneDD-2.jpg 1500w\" sizes=\"auto, (max-width: 1024px) 100vw, 1024px\" \/><\/figure>\n\n\n\n<div style=\"height:25px\" aria-hidden=\"true\" class=\"wp-block-spacer\"><\/div>\n\n\n\n<div class=\"wp-block-columns is-layout-flex wp-container-core-columns-is-layout-28f84493 wp-block-columns-is-layout-flex\">\n<div class=\"wp-block-column is-layout-flow wp-block-column-is-layout-flow\">\n<figure class=\"wp-block-image size-full is-resized has-custom-border\"><img loading=\"lazy\" decoding=\"async\" width=\"1440\" height=\"2560\" src=\"https:\/\/www.asperrigaud-reflexologie-therapie.com\/wp-content\/uploads\/2025\/07\/IMG_3723WEB-CARRE-scaled.jpg\" alt=\"\" class=\"wp-image-158\" style=\"border-style:none;border-width:0px;width:293px;height:auto\" srcset=\"https:\/\/www.asperrigaud-reflexologie-therapie.com\/wp-content\/uploads\/2025\/07\/IMG_3723WEB-CARRE-scaled.jpg 1440w, https:\/\/www.asperrigaud-reflexologie-therapie.com\/wp-content\/uploads\/2025\/07\/IMG_3723WEB-CARRE-169x300.jpg 169w, https:\/\/www.asperrigaud-reflexologie-therapie.com\/wp-content\/uploads\/2025\/07\/IMG_3723WEB-CARRE-576x1024.jpg 576w, https:\/\/www.asperrigaud-reflexologie-therapie.com\/wp-content\/uploads\/2025\/07\/IMG_3723WEB-CARRE-768x1365.jpg 768w, https:\/\/www.asperrigaud-reflexologie-therapie.com\/wp-content\/uploads\/2025\/07\/IMG_3723WEB-CARRE-864x1536.jpg 864w, https:\/\/www.asperrigaud-reflexologie-therapie.com\/wp-content\/uploads\/2025\/07\/IMG_3723WEB-CARRE-1152x2048.jpg 1152w, https:\/\/www.asperrigaud-reflexologie-therapie.com\/wp-content\/uploads\/2025\/07\/IMG_3723WEB-CARRE-1170x2080.jpg 1170w\" sizes=\"auto, (max-width: 1440px) 100vw, 1440px\" \/><\/figure>\n<\/div>\n\n\n\n<div class=\"wp-block-column is-layout-flow wp-block-column-is-layout-flow\">\n<p class=\"has-text-align-center\"><br><\/p>\n\n\n\n<p class=\"has-text-align-center\"><br><strong>16 rue des Primev\u00e8res<br>44100 NANTES<\/strong><br><br>Acc\u00e8s ligne <strong>BUS 10<\/strong> et <strong>54<\/strong><br>Arr\u00eat \u00ab\u00a0Bld des anglais\u00a0\u00bb<br><br>Parking \u00e0 proximit\u00e9.<\/p>\n<\/div>\n\n\n\n<div class=\"wp-block-column is-layout-flow wp-block-column-is-layout-flow\">\n<figure class=\"wp-block-image size-full is-resized has-custom-border\"><img loading=\"lazy\" decoding=\"async\" width=\"1439\" height=\"2560\" src=\"https:\/\/www.asperrigaud-reflexologie-therapie.com\/wp-content\/uploads\/2025\/07\/IMG_3731WEB-CARRE--scaled.jpg\" alt=\"\" class=\"wp-image-159\" style=\"border-style:none;border-width:0px;width:288px;height:auto\" srcset=\"https:\/\/www.asperrigaud-reflexologie-therapie.com\/wp-content\/uploads\/2025\/07\/IMG_3731WEB-CARRE--scaled.jpg 1439w, https:\/\/www.asperrigaud-reflexologie-therapie.com\/wp-content\/uploads\/2025\/07\/IMG_3731WEB-CARRE--169x300.jpg 169w, https:\/\/www.asperrigaud-reflexologie-therapie.com\/wp-content\/uploads\/2025\/07\/IMG_3731WEB-CARRE--576x1024.jpg 576w, https:\/\/www.asperrigaud-reflexologie-therapie.com\/wp-content\/uploads\/2025\/07\/IMG_3731WEB-CARRE--768x1366.jpg 768w, https:\/\/www.asperrigaud-reflexologie-therapie.com\/wp-content\/uploads\/2025\/07\/IMG_3731WEB-CARRE--864x1536.jpg 864w, https:\/\/www.asperrigaud-reflexologie-therapie.com\/wp-content\/uploads\/2025\/07\/IMG_3731WEB-CARRE--1152x2048.jpg 1152w, https:\/\/www.asperrigaud-reflexologie-therapie.com\/wp-content\/uploads\/2025\/07\/IMG_3731WEB-CARRE--1170x2081.jpg 1170w\" sizes=\"auto, (max-width: 1439px) 100vw, 1439px\" \/><\/figure>\n<\/div>\n<\/div>\n\n\n\n<div style=\"height:25px\" aria-hidden=\"true\" class=\"wp-block-spacer\"><\/div>\n\n\n\n<p><\/p>\n","protected":false},"excerpt":{"rendered":"<p>HORAIRES : Lundi : 9h30-19h00Mardi : 9h30-19h00Mercredi : 9h30-19h00Jeudi : Ferm\u00e9Vendredi : Ferm\u00e9 16 rue des Primev\u00e8res44100 NANTES Acc\u00e8s ligne BUS 10 et 54Arr\u00eat \u00ab\u00a0Bld des anglais\u00a0\u00bb Parking \u00e0 proximit\u00e9.<\/p>\n","protected":false},"author":1,"featured_media":0,"parent":0,"menu_order":0,"comment_status":"closed","ping_status":"closed","template":"","meta":{"footnotes":""},"class_list":["post-68","page","type-page","status-publish","hentry"],"_links":{"self":[{"href":"https:\/\/www.asperrigaud-reflexologie-therapie.com\/index.php?rest_route=\/wp\/v2\/pages\/68","targetHints":{"allow":["GET"]}}],"collection":[{"href":"https:\/\/www.asperrigaud-reflexologie-therapie.com\/index.php?rest_route=\/wp\/v2\/pages"}],"about":[{"href":"https:\/\/www.asperrigaud-reflexologie-therapie.com\/index.php?rest_route=\/wp\/v2\/types\/page"}],"author":[{"embeddable":true,"href":"https:\/\/www.asperrigaud-reflexologie-therapie.com\/index.php?rest_route=\/wp\/v2\/users\/1"}],"replies":[{"embeddable":true,"href":"https:\/\/www.asperrigaud-reflexologie-therapie.com\/index.php?rest_route=%2Fwp%2Fv2%2Fcomments&post=68"}],"version-history":[{"count":40,"href":"https:\/\/www.asperrigaud-reflexologie-therapie.com\/index.php?rest_route=\/wp\/v2\/pages\/68\/revisions"}],"predecessor-version":[{"id":168,"href":"https:\/\/www.asperrigaud-reflexologie-therapie.com\/index.php?rest_route=\/wp\/v2\/pages\/68\/revisions\/168"}],"wp:attachment":[{"href":"https:\/\/www.asperrigaud-reflexologie-therapie.com\/index.php?rest_route=%2Fwp%2Fv2%2Fmedia&parent=68"}],"curies":[{"name":"wp","href":"https:\/\/api.w.org\/{rel}","templated":true}]}}