{"id":128,"date":"2025-06-13T14:18:07","date_gmt":"2025-06-13T12:18:07","guid":{"rendered":"https:\/\/www.asperrigaud-reflexologie-therapie.com\/?page_id=128"},"modified":"2026-04-07T22:36:45","modified_gmt":"2026-04-07T20:36:45","slug":"tarifs","status":"publish","type":"page","link":"https:\/\/www.asperrigaud-reflexologie-therapie.com\/?page_id=128","title":{"rendered":"TARIFS"},"content":{"rendered":"\n<p class=\"has-text-align-center\">TH\u00c9RAPIE<br>soutien psychologique<br>I<br>CABINET DE REFLEXOLOGIE<br>plantaire, palmaire et facio-cranienne&nbsp;<br>M\u00e9thode traditionnelle&nbsp;et douce.&nbsp;<\/p>\n\n\n\n<hr class=\"wp-block-separator has-text-color has-text-lighter-color has-alpha-channel-opacity has-text-lighter-background-color has-background is-style-wide\" style=\"margin-top:0;margin-bottom:0\"\/>\n\n\n\n<p class=\"has-text-align-center\" style=\"line-height:1.1\">\u2022&nbsp;Consultation&nbsp;&#8211;&nbsp;Th\u00e9rapie \/ R\u00e9flexologie :&nbsp;62&nbsp;\u20ac<\/p>\n\n\n\n<p class=\"has-text-align-center\" style=\"line-height:0.4\">\u2022&nbsp;Consultation&nbsp;\u00e0 domicile&nbsp;:&nbsp;75&nbsp;\u20ac<\/p>\n\n\n\n<p class=\"has-text-align-center has-small-font-size\" style=\"font-style:italic;font-weight:100;line-height:0.7\"><br>Tarifs en vigueur \u00e0 partir du 1er Janvier 2026<\/p>\n\n\n\n<hr class=\"wp-block-separator has-text-color has-text-lighter-color has-alpha-channel-opacity has-text-lighter-background-color has-background is-style-wide\" style=\"margin-top:0;margin-bottom:0\"\/>\n\n\n\n<div style=\"height:22px\" aria-hidden=\"true\" class=\"wp-block-spacer\"><\/div>\n\n\n\n<p class=\"has-text-align-center has-base-font-family has-base-font-size\" style=\"line-height:0;text-decoration:underline\">Conditions <\/p>\n\n\n\n<p class=\"has-text-align-center\" style=\"font-size:16px\">Moyens de paiement : ch\u00e8que ou esp\u00e8ces<br>Note d&rsquo;honoraires sur demande<br>(Consultez votre mutuelle pour les modalit\u00e9s de prise en charge)<br><br>Toute s\u00e9ance annul\u00e9e moins de 48h \u00e0 l&rsquo;avance sera due.<br><br>Les soins ne dispensent pas d&rsquo;un suivi m\u00e9dical.<br>L&rsquo;avis de votre m\u00e9decin est essentiel en cas de pathologies av\u00e9r\u00e9es.<\/p>\n\n\n\n<hr class=\"wp-block-separator has-text-color has-text-lighter-color has-alpha-channel-opacity has-text-lighter-background-color has-background is-style-wide\" style=\"margin-top:0;margin-bottom:0\"\/>\n\n\n\n<p class=\"has-text-align-center has-base-font-size\"><br><br>16 rue des primev\u00e8res<br>44100 NANTES<br>Siren N\u00b0 951756972<\/p>\n\n\n\n<p><\/p>\n","protected":false},"excerpt":{"rendered":"<p>TH\u00c9RAPIEsoutien psychologiqueICABINET DE REFLEXOLOGIEplantaire, palmaire et facio-cranienne&nbsp;M\u00e9thode traditionnelle&nbsp;et douce.&nbsp; \u2022&nbsp;Consultation&nbsp;&#8211;&nbsp;Th\u00e9rapie \/ R\u00e9flexologie :&nbsp;62&nbsp;\u20ac \u2022&nbsp;Consultation&nbsp;\u00e0 domicile&nbsp;:&nbsp;75&nbsp;\u20ac Tarifs en vigueur \u00e0 partir du 1er Janvier 2026 Conditions Moyens de paiement : ch\u00e8que ou esp\u00e8cesNote d&rsquo;honoraires sur demande(Consultez votre mutuelle pour les modalit\u00e9s de prise en charge) Toute s\u00e9ance annul\u00e9e moins de 48h \u00e0 l&rsquo;avance sera due. Les [&hellip;]<\/p>\n","protected":false},"author":1,"featured_media":0,"parent":0,"menu_order":0,"comment_status":"closed","ping_status":"closed","template":"","meta":{"footnotes":""},"class_list":["post-128","page","type-page","status-publish","hentry"],"_links":{"self":[{"href":"https:\/\/www.asperrigaud-reflexologie-therapie.com\/index.php?rest_route=\/wp\/v2\/pages\/128","targetHints":{"allow":["GET"]}}],"collection":[{"href":"https:\/\/www.asperrigaud-reflexologie-therapie.com\/index.php?rest_route=\/wp\/v2\/pages"}],"about":[{"href":"https:\/\/www.asperrigaud-reflexologie-therapie.com\/index.php?rest_route=\/wp\/v2\/types\/page"}],"author":[{"embeddable":true,"href":"https:\/\/www.asperrigaud-reflexologie-therapie.com\/index.php?rest_route=\/wp\/v2\/users\/1"}],"replies":[{"embeddable":true,"href":"https:\/\/www.asperrigaud-reflexologie-therapie.com\/index.php?rest_route=%2Fwp%2Fv2%2Fcomments&post=128"}],"version-history":[{"count":17,"href":"https:\/\/www.asperrigaud-reflexologie-therapie.com\/index.php?rest_route=\/wp\/v2\/pages\/128\/revisions"}],"predecessor-version":[{"id":174,"href":"https:\/\/www.asperrigaud-reflexologie-therapie.com\/index.php?rest_route=\/wp\/v2\/pages\/128\/revisions\/174"}],"wp:attachment":[{"href":"https:\/\/www.asperrigaud-reflexologie-therapie.com\/index.php?rest_route=%2Fwp%2Fv2%2Fmedia&parent=128"}],"curies":[{"name":"wp","href":"https:\/\/api.w.org\/{rel}","templated":true}]}}